{"id":510,"date":"2024-10-17T10:46:22","date_gmt":"2024-10-17T10:46:22","guid":{"rendered":"https:\/\/pintocoelhoclinic.com\/?page_id=510"},"modified":"2024-11-20T16:47:28","modified_gmt":"2024-11-20T16:47:28","slug":"disbiose-intestinal","status":"publish","type":"page","link":"https:\/\/pintocoelhoclinic.com\/en\/disbiose-intestinal\/","title":{"rendered":"Gut Dysbiosis"},"content":{"rendered":"<div data-elementor-type=\"wp-page\" data-elementor-id=\"510\" class=\"elementor elementor-510\" data-elementor-settings=\"{&quot;ha_cmc_init_switcher&quot;:&quot;no&quot;}\" data-elementor-post-type=\"page\">\n\t\t\t\t<div class=\"elementor-element elementor-element-af024b1 e-con-full e-flex wpr-particle-no wpr-jarallax-no wpr-parallax-no wpr-sticky-section-no e-con e-parent\" data-id=\"af024b1\" data-element_type=\"container\" data-settings=\"{&quot;background_background&quot;:&quot;classic&quot;,&quot;_ha_eqh_enable&quot;:false}\">\n\t\t\t\t<div class=\"elementor-element elementor-element-745f070 animated-slow elementor-invisible elementor-widget elementor-widget-heading\" data-id=\"745f070\" data-element_type=\"widget\" data-settings=\"{&quot;_animation&quot;:&quot;fadeIn&quot;}\" data-widget_type=\"heading.default\">\n\t\t\t\t<div class=\"elementor-widget-container\">\n\t\t\t\t\t<h2 class=\"elementor-heading-title elementor-size-default\">Gut Dysbiosis<\/h2>\t\t\t\t<\/div>\n\t\t\t\t<\/div>\n\t\t\t\t<\/div>\n\t\t<div class=\"elementor-element elementor-element-f6abf96 e-flex e-con-boxed wpr-particle-no wpr-jarallax-no wpr-parallax-no wpr-sticky-section-no e-con e-parent\" data-id=\"f6abf96\" data-element_type=\"container\" data-settings=\"{&quot;_ha_eqh_enable&quot;:false}\">\n\t\t\t\t\t<div class=\"e-con-inner\">\n\t\t<div class=\"elementor-element elementor-element-1dc9b2a e-con-full e-flex wpr-particle-no wpr-jarallax-no wpr-parallax-no wpr-sticky-section-no e-con e-child\" data-id=\"1dc9b2a\" data-element_type=\"container\" data-settings=\"{&quot;_ha_eqh_enable&quot;:false}\">\n\t\t\t\t<div class=\"elementor-element elementor-element-a998e65 elementor-widget-tablet__width-initial elementor-absolute elementor-widget elementor-widget-image\" data-id=\"a998e65\" data-element_type=\"widget\" data-settings=\"{&quot;_position&quot;:&quot;absolute&quot;}\" data-widget_type=\"image.default\">\n\t\t\t\t<div class=\"elementor-widget-container\">\n\t\t\t\t\t\t\t\t\t\t\t\t\t\t\t<img fetchpriority=\"high\" decoding=\"async\" width=\"601\" height=\"569\" src=\"https:\/\/pintocoelhoclinic.com\/wp-content\/uploads\/2024\/08\/svgviewer-output-24.svg\" class=\"attachment-full size-full wp-image-189\" alt=\"\" \/>\t\t\t\t\t\t\t\t\t\t\t\t\t\t\t<\/div>\n\t\t\t\t<\/div>\n\t\t\t\t<\/div>\n\t\t<div class=\"elementor-element elementor-element-b9a72fd e-con-full animated-slow e-flex wpr-particle-no wpr-jarallax-no wpr-parallax-no wpr-sticky-section-no elementor-invisible e-con e-child\" data-id=\"b9a72fd\" data-element_type=\"container\" data-settings=\"{&quot;background_background&quot;:&quot;classic&quot;,&quot;animation&quot;:&quot;fadeIn&quot;,&quot;_ha_eqh_enable&quot;:false}\">\n\t\t\t\t<div class=\"elementor-element elementor-element-d8fae8d elementor-widget elementor-widget-text-editor\" data-id=\"d8fae8d\" data-element_type=\"widget\" data-widget_type=\"text-editor.default\">\n\t\t\t\t<div class=\"elementor-widget-container\">\n\t\t\t\t\t\t\t\t\t<p>A <strong>Gut dysbiosis<\/strong> occurs when there is an imbalance in the gut microbiota, leading to the overgrowth of harmful microorganisms at the expense of beneficial bacteria. This imbalance can cause various digestive, immune, and metabolic issues, triggering symptoms such as abdominal bloating, changes in bowel habits, fatigue, weight gain, skin problems, and even impacting hormonal and mental health.<\/p><p>The causes of dysbiosis vary and may include poor diet, food intolerances, chronic stress, excessive antibiotic use, exposure to toxins, and hormonal imbalances, among other factors.<\/p><p>Dysbiosis is often associated with conditions like irritable bowel syndrome (IBS) and inflammatory bowel diseases, such as Crohn\u2019s disease and ulcerative colitis.<\/p>\t\t\t\t\t\t\t\t<\/div>\n\t\t\t\t<\/div>\n\t\t\t\t<\/div>\n\t\t\t\t\t<\/div>\n\t\t\t\t<\/div>\n\t\t<div class=\"elementor-element elementor-element-6123942 e-flex e-con-boxed wpr-particle-no wpr-jarallax-no wpr-parallax-no wpr-sticky-section-no e-con e-parent\" data-id=\"6123942\" data-element_type=\"container\" data-settings=\"{&quot;_ha_eqh_enable&quot;:false}\">\n\t\t\t\t\t<div class=\"e-con-inner\">\n\t\t<div class=\"elementor-element elementor-element-8317c22 e-con-full e-flex wpr-particle-no wpr-jarallax-no wpr-parallax-no wpr-sticky-section-no e-con e-child\" data-id=\"8317c22\" data-element_type=\"container\" data-settings=\"{&quot;_ha_eqh_enable&quot;:false}\">\n\t\t\t\t<div class=\"elementor-element elementor-element-2555845 elementor-widget elementor-widget-toggle\" data-id=\"2555845\" data-element_type=\"widget\" data-widget_type=\"toggle.default\">\n\t\t\t\t<div class=\"elementor-widget-container\">\n\t\t\t\t\t\t\t<div class=\"elementor-toggle\">\n\t\t\t\t\t\t\t<div class=\"elementor-toggle-item\">\n\t\t\t\t\t<div id=\"elementor-tab-title-3911\" class=\"elementor-tab-title\" data-tab=\"1\" role=\"button\" aria-controls=\"elementor-tab-content-3911\" aria-expanded=\"false\">\n\t\t\t\t\t\t\t\t\t\t\t\t<span class=\"elementor-toggle-icon elementor-toggle-icon-right\" aria-hidden=\"true\">\n\t\t\t\t\t\t\t\t\t\t\t\t\t\t\t<span class=\"elementor-toggle-icon-closed\"><svg class=\"e-font-icon-svg e-fas-angle-down\" viewbox=\"0 0 320 512\" xmlns=\"http:\/\/www.w3.org\/2000\/svg\"><path d=\"M143 352.3L7 216.3c-9.4-9.4-9.4-24.6 0-33.9l22.6-22.6c9.4-9.4 24.6-9.4 33.9 0l96.4 96.4 96.4-96.4c9.4-9.4 24.6-9.4 33.9 0l22.6 22.6c9.4 9.4 9.4 24.6 0 33.9l-136 136c-9.2 9.4-24.4 9.4-33.8 0z\"><\/path><\/svg><\/span>\n\t\t\t\t\t\t\t\t<span class=\"elementor-toggle-icon-opened\"><svg xmlns=\"http:\/\/www.w3.org\/2000\/svg\" width=\"15\" height=\"2\" viewbox=\"0 0 15 2\" fill=\"none\"><path d=\"M1.2832 2C0.99987 2 0.76237 1.90417 0.570703 1.7125C0.379036 1.52083 0.283203 1.28333 0.283203 1C0.283203 0.716667 0.379036 0.479167 0.570703 0.2875C0.76237 0.0958333 0.99987 0 1.2832 0H13.2832C13.5665 0 13.804 0.0958333 13.9957 0.2875C14.1874 0.479167 14.2832 0.716667 14.2832 1C14.2832 1.28333 14.1874 1.52083 13.9957 1.7125C13.804 1.90417 13.5665 2 13.2832 2H1.2832Z\" fill=\"#377E9F\"><\/path><\/svg><\/span>\n\t\t\t\t\t\t\t\t\t\t\t\t\t<\/span>\n\t\t\t\t\t\t\t\t\t\t\t\t<a class=\"elementor-toggle-title\" tabindex=\"0\">Personalized Approach at <strong>PINTO COELHO CLINIC<span style=\"font-size: 15px; vertical-align: super;\">\u00ae<\/span> - <span style=\"font-size: 11px;\">LIVE LONGER<\/span><\/strong><\/a>\n\t\t\t\t\t<\/div>\n\n\t\t\t\t\t<div id=\"elementor-tab-content-3911\" class=\"elementor-tab-content elementor-clearfix\" data-tab=\"1\" role=\"region\" aria-labelledby=\"elementor-tab-title-3911\"><div style=\"text-align: justify;\"><p>At <strong>PINTO COELHO CLINIC<span style=\"font-size: 15px; vertical-align: super;\">\u00ae<\/span> &#8211; <span style=\"font-size: 11px;\">LIVE LONGER<\/span><\/strong>we treat dysbiosis with a <strong>personalized approach<\/strong>Each patient undergoes a detailed assessment, as there are different types of dysbiosis that need to be identified for effective treatment. The process may include <strong>specific lab tests<\/strong> to assess the microbiome\u2019s status and underlying factors, ensuring a treatment plan tailored to individual needs.<\/p><\/div><\/div>\n\t\t\t\t<\/div>\n\t\t\t\t\t\t\t\t<\/div>\n\t\t\t\t\t\t<\/div>\n\t\t\t\t<\/div>\n\t\t\t\t<\/div>\n\t\t<div class=\"elementor-element elementor-element-087e968 e-con-full e-flex wpr-particle-no wpr-jarallax-no wpr-parallax-no wpr-sticky-section-no e-con e-child\" data-id=\"087e968\" data-element_type=\"container\" data-settings=\"{&quot;_ha_eqh_enable&quot;:false}\">\n\t\t\t\t<div class=\"elementor-element elementor-element-a88ee17 elementor-widget elementor-widget-toggle\" data-id=\"a88ee17\" data-element_type=\"widget\" data-widget_type=\"toggle.default\">\n\t\t\t\t<div class=\"elementor-widget-container\">\n\t\t\t\t\t\t\t<div class=\"elementor-toggle\">\n\t\t\t\t\t\t\t<div class=\"elementor-toggle-item\">\n\t\t\t\t\t<div id=\"elementor-tab-title-1761\" class=\"elementor-tab-title\" data-tab=\"1\" role=\"button\" aria-controls=\"elementor-tab-content-1761\" aria-expanded=\"false\">\n\t\t\t\t\t\t\t\t\t\t\t\t<span class=\"elementor-toggle-icon elementor-toggle-icon-right\" aria-hidden=\"true\">\n\t\t\t\t\t\t\t\t\t\t\t\t\t\t\t<span class=\"elementor-toggle-icon-closed\"><svg class=\"e-font-icon-svg e-fas-angle-down\" viewbox=\"0 0 320 512\" xmlns=\"http:\/\/www.w3.org\/2000\/svg\"><path d=\"M143 352.3L7 216.3c-9.4-9.4-9.4-24.6 0-33.9l22.6-22.6c9.4-9.4 24.6-9.4 33.9 0l96.4 96.4 96.4-96.4c9.4-9.4 24.6-9.4 33.9 0l22.6 22.6c9.4 9.4 9.4 24.6 0 33.9l-136 136c-9.2 9.4-24.4 9.4-33.8 0z\"><\/path><\/svg><\/span>\n\t\t\t\t\t\t\t\t<span class=\"elementor-toggle-icon-opened\"><svg xmlns=\"http:\/\/www.w3.org\/2000\/svg\" width=\"15\" height=\"2\" viewbox=\"0 0 15 2\" fill=\"none\"><path d=\"M1.2832 2C0.99987 2 0.76237 1.90417 0.570703 1.7125C0.379036 1.52083 0.283203 1.28333 0.283203 1C0.283203 0.716667 0.379036 0.479167 0.570703 0.2875C0.76237 0.0958333 0.99987 0 1.2832 0H13.2832C13.5665 0 13.804 0.0958333 13.9957 0.2875C14.1874 0.479167 14.2832 0.716667 14.2832 1C14.2832 1.28333 14.1874 1.52083 13.9957 1.7125C13.804 1.90417 13.5665 2 13.2832 2H1.2832Z\" fill=\"#377E9F\"><\/path><\/svg><\/span>\n\t\t\t\t\t\t\t\t\t\t\t\t\t<\/span>\n\t\t\t\t\t\t\t\t\t\t\t\t<a class=\"elementor-toggle-title\" tabindex=\"0\">How Do We Treat Intestinal Dysbiosis?<\/a>\n\t\t\t\t\t<\/div>\n\n\t\t\t\t\t<div id=\"elementor-tab-content-1761\" class=\"elementor-tab-content elementor-clearfix\" data-tab=\"1\" role=\"region\" aria-labelledby=\"elementor-tab-title-1761\"><div style=\"text-align: justify;\">\n    <p class=\"translation-block\">The treatment begins with a detailed assessment, which may involve <strong>removal of triggering factors<\/strong> (dietary and environmental), followed by interventions for <strong>repairing the intestinal environment<\/strong>. Antimicrobial nutraceutical interventions are also tailored to each case, and in some instances, we recommend additional therapies, such as <strong>colon hydrotherapy<\/strong>, to assist in detoxification and promote a more effective recovery.<\/p>\n<\/div>\n<\/div>\n\t\t\t\t<\/div>\n\t\t\t\t\t\t\t\t<\/div>\n\t\t\t\t\t\t<\/div>\n\t\t\t\t<\/div>\n\t\t\t\t<\/div>\n\t\t\t\t\t<\/div>\n\t\t\t\t<\/div>\n\t\t<div class=\"elementor-element elementor-element-0d9e489 e-flex e-con-boxed wpr-particle-no wpr-jarallax-no wpr-parallax-no wpr-sticky-section-no e-con e-parent\" data-id=\"0d9e489\" data-element_type=\"container\" data-settings=\"{&quot;_ha_eqh_enable&quot;:false}\">\n\t\t\t\t\t<div class=\"e-con-inner\">\n\t\t\t\t<div class=\"elementor-element elementor-element-eb4c772 elementor-widget elementor-widget-text-editor\" data-id=\"eb4c772\" data-element_type=\"widget\" data-widget_type=\"text-editor.default\">\n\t\t\t\t<div class=\"elementor-widget-container\">\n\t\t\t\t\t\t\t\t\t<p class=\"translation-block\">Don\u2019t let dysbiosis symptoms impact your quality of life.<\/p>\t\t\t\t\t\t\t\t<\/div>\n\t\t\t\t<\/div>\n\t\t\t\t\t<\/div>\n\t\t\t\t<\/div>\n\t\t<div class=\"elementor-element elementor-element-003e637 animated-slow e-flex e-con-boxed wpr-particle-no wpr-jarallax-no wpr-parallax-no wpr-sticky-section-no elementor-invisible e-con e-parent\" data-id=\"003e637\" data-element_type=\"container\" data-settings=\"{&quot;animation&quot;:&quot;zoomIn&quot;,&quot;_ha_eqh_enable&quot;:false}\">\n\t\t\t\t\t<div class=\"e-con-inner\">\n\t\t<div class=\"elementor-element elementor-element-acb19e2 e-con-full e-flex wpr-particle-no wpr-jarallax-no wpr-parallax-no wpr-sticky-section-no e-con e-child\" data-id=\"acb19e2\" data-element_type=\"container\" data-settings=\"{&quot;background_background&quot;:&quot;classic&quot;,&quot;_ha_eqh_enable&quot;:false}\">\n\t\t<div class=\"elementor-element elementor-element-f1ecf37 e-con-full e-flex wpr-particle-no wpr-jarallax-no wpr-parallax-no wpr-sticky-section-no e-con e-child\" data-id=\"f1ecf37\" data-element_type=\"container\" data-settings=\"{&quot;_ha_eqh_enable&quot;:false}\">\n\t\t\t\t<div class=\"elementor-element elementor-element-d060796 elementor-widget elementor-widget-text-editor\" data-id=\"d060796\" data-element_type=\"widget\" data-widget_type=\"text-editor.default\">\n\t\t\t\t<div class=\"elementor-widget-container\">\n\t\t\t\t\t\t\t\t\t<p>Contact us<\/p><p>to schedule your consultation<\/p>\t\t\t\t\t\t\t\t<\/div>\n\t\t\t\t<\/div>\n\t\t\t\t<\/div>\n\t\t<div class=\"elementor-element elementor-element-a6460b8 e-con-full e-flex wpr-particle-no wpr-jarallax-no wpr-parallax-no wpr-sticky-section-no e-con e-child\" data-id=\"a6460b8\" data-element_type=\"container\" data-settings=\"{&quot;_ha_eqh_enable&quot;:false}\">\n\t\t\t\t<div class=\"elementor-element elementor-element-f0ed580 show-more wpr-button-icon-style-inline wpr-button-icon-position-right elementor-widget elementor-widget-wpr-button\" data-id=\"f0ed580\" data-element_type=\"widget\" id=\"botaopop\" data-widget_type=\"wpr-button.default\">\n\t\t\t\t<div class=\"elementor-widget-container\">\n\t\t\t\t\t\t\n\t\t\t\n\t\t\n\t\t<div class=\"wpr-button-wrap elementor-clearfix\">\n\t\t<a class=\"wpr-button wpr-button-effect wpr-button-bounce-to-right\" data-text=\"\" href=\"#botao\">\n\t\t\t\n\t\t\t<span class=\"wpr-button-content\">\n\t\t\t\t\t\t\t\t\t<span class=\"wpr-button-text\">Agendar Consulta<\/span>\n\t\t\t\t\t\t\t\t\n\t\t\t\t\t\t\t\t\t<span class=\"wpr-button-icon\"><svg class=\"e-font-icon-svg e-fas-long-arrow-alt-right\" viewbox=\"0 0 448 512\" xmlns=\"http:\/\/www.w3.org\/2000\/svg\"><path d=\"M313.941 216H12c-6.627 0-12 5.373-12 12v56c0 6.627 5.373 12 12 12h301.941v46.059c0 21.382 25.851 32.09 40.971 16.971l86.059-86.059c9.373-9.373 9.373-24.569 0-33.941l-86.059-86.059c-15.119-15.119-40.971-4.411-40.971 16.971V216z\"><\/path><\/svg><\/span>\n\t\t\t\t\t\t\t<\/span>\n\t\t<\/a>\n\n\t\t\t\t<\/div>\n\t\n\t\n\t\t\t\t\t<\/div>\n\t\t\t\t<\/div>\n\t\t\t\t<\/div>\n\t\t\t\t<\/div>\n\t\t\t\t\t<\/div>\n\t\t\t\t<\/div>\n\t\t\t\t<\/div>","protected":false},"excerpt":{"rendered":"<p>DISBIOSE INTESTINAL A disbiose intestinal ocorre quando h\u00e1 um desequil\u00edbrio na microbiota intestinal, resultando na prolifera\u00e7\u00e3o de microrganismos prejudiciais em detrimento das bact\u00e9rias ben\u00e9ficas. Esse desequil\u00edbrio pode causar diversos problemas digestivos, imunol\u00f3gicos e metab\u00f3licos, desencadeando sintomas como incha\u00e7o abdominal, altera\u00e7\u00f5es no tr\u00e2nsito intestinal, fadiga, ganho de peso, problemas de pele, e at\u00e9 mesmo afetando a sa\u00fade hormonal e mental. As causas da disbiose variam e podem incluir uma alimenta\u00e7\u00e3o inadequada, intoler\u00e2ncias alimentares, stress cr\u00f3nico, uso excessivo de antibi\u00f3ticos, exposi\u00e7\u00e3o a toxinas e desequil\u00edbrios hormonais, entre outros fatores. A disbiose est\u00e1 frequentemente associada a condi\u00e7\u00f5es como a s\u00edndrome do intestino irrit\u00e1vel e doen\u00e7as inflamat\u00f3rias intestinais, como a doen\u00e7a de Crohn e a colite ulcerativa. Abordagem Personalizada na PINTO COELHO CLINIC\u00ae &#8211; LIVE LONGER Na PINTO COELHO CLINIC\u00ae &#8211; LIVE LONGER, tratamos a disbiose de forma individualizada. Cada paciente passa por uma avalia\u00e7\u00e3o detalhada, uma vez que existem diferentes tipos de disbiose que precisam ser identificados para que o tratamento seja eficaz. O processo pode incluir testes laboratoriais espec\u00edficos para avaliar o estado do microbioma e os fatores subjacentes, garantindo um plano terap\u00eautico adaptado \u00e0s necessidades individuais. Como Tratamos a Disbiose Intestinal? O tratamento come\u00e7a com uma avalia\u00e7\u00e3o detalhada, que pode envolver a remo\u00e7\u00e3o de fatores desencadeantes (alimentares e ambientais), seguida de interven\u00e7\u00f5es para a repara\u00e7\u00e3o do ambiente intestinal. Interven\u00e7\u00f5es nutrac\u00eauticas anti-microbianas tamb\u00e9m s\u00e3o adaptadas a cada caso, e em alguns casos, recomendamos terapias adicionais, como a hidroterapia do col\u00f3n, para ajudar na desintoxica\u00e7\u00e3o e promover uma recupera\u00e7\u00e3o mais eficaz. N\u00e3o deixe que os sintomas da Disbiose interfiram com a sua qualidade de vida.Estamos prontos para o ajudar com diagn\u00f3sticos precisos e tratamentos inovadores, adaptados \u00e0s suas necessidades. Agende connosco a sua Consulta de Avalia\u00e7\u00e3o Agendar Consulta<\/p>","protected":false},"author":1,"featured_media":1395,"parent":0,"menu_order":0,"comment_status":"closed","ping_status":"closed","template":"elementor_canvas","meta":{"_joinchat":[],"footnotes":""},"class_list":["post-510","page","type-page","status-publish","has-post-thumbnail","hentry"],"yoast_head":"<!-- This site is optimized with the Yoast SEO plugin v23.1 - https:\/\/yoast.com\/wordpress\/plugins\/seo\/ -->\n<title>Disbiose Intestinal | PINTO COELHO CLINIC\u00ae \u2013 LIVE LONGER<\/title>\n<meta name=\"description\" content=\"A disbiose intestinal ocorre quando h\u00e1 um desequil\u00edbrio na microbiota intestinal, resultando na prolifera\u00e7\u00e3o de microrganismos prejudiciais em detrimento das bact\u00e9rias ben\u00e9ficas.\" \/>\n<meta name=\"robots\" content=\"index, follow, max-snippet:-1, max-image-preview:large, max-video-preview:-1\" \/>\n<link rel=\"canonical\" href=\"https:\/\/pintocoelhoclinic.com\/en\/disbiose-intestinal\/\" \/>\n<meta property=\"og:locale\" content=\"en_GB\" \/>\n<meta property=\"og:type\" content=\"article\" \/>\n<meta property=\"og:title\" content=\"Disbiose Intestinal | PINTO COELHO CLINIC\u00ae \u2013 LIVE LONGER\" \/>\n<meta property=\"og:description\" content=\"A disbiose intestinal ocorre quando h\u00e1 um desequil\u00edbrio na microbiota intestinal, resultando na prolifera\u00e7\u00e3o de microrganismos prejudiciais em detrimento das bact\u00e9rias ben\u00e9ficas.\" \/>\n<meta property=\"og:url\" content=\"https:\/\/pintocoelhoclinic.com\/en\/disbiose-intestinal\/\" \/>\n<meta property=\"og:site_name\" content=\"PINTO COELHO CLINIC\u00ae \u2013 LIVE LONGER\" \/>\n<meta property=\"article:modified_time\" content=\"2024-11-20T16:47:28+00:00\" \/>\n<meta property=\"og:image\" content=\"https:\/\/pintocoelhoclinic.com\/wp-content\/uploads\/2024\/10\/S\u00a2-simbolo-png-1.png\" \/>\n\t<meta property=\"og:image:width\" content=\"4112\" \/>\n\t<meta property=\"og:image:height\" content=\"4360\" \/>\n\t<meta property=\"og:image:type\" content=\"image\/png\" \/>\n<meta name=\"twitter:card\" content=\"summary_large_image\" \/>\n<meta name=\"twitter:label1\" content=\"Estimated reading time\" \/>\n\t<meta name=\"twitter:data1\" content=\"2 minutes\" \/>\n<script type=\"application\/ld+json\" class=\"yoast-schema-graph\">{\"@context\":\"https:\/\/schema.org\",\"@graph\":[{\"@type\":\"WebPage\",\"@id\":\"https:\/\/pintocoelhoclinic.com\/disbiose-intestinal\/\",\"url\":\"https:\/\/pintocoelhoclinic.com\/disbiose-intestinal\/\",\"name\":\"Disbiose Intestinal | PINTO COELHO CLINIC\u00ae \u2013 LIVE LONGER\",\"isPartOf\":{\"@id\":\"https:\/\/pintocoelhoclinic.com\/#website\"},\"primaryImageOfPage\":{\"@id\":\"https:\/\/pintocoelhoclinic.com\/disbiose-intestinal\/#primaryimage\"},\"image\":{\"@id\":\"https:\/\/pintocoelhoclinic.com\/disbiose-intestinal\/#primaryimage\"},\"thumbnailUrl\":\"https:\/\/pintocoelhoclinic.com\/wp-content\/uploads\/2024\/10\/S\u00a2-simbolo-png-1.png\",\"datePublished\":\"2024-10-17T10:46:22+00:00\",\"dateModified\":\"2024-11-20T16:47:28+00:00\",\"description\":\"A disbiose intestinal ocorre quando h\u00e1 um desequil\u00edbrio na microbiota intestinal, resultando na prolifera\u00e7\u00e3o de microrganismos prejudiciais em detrimento das bact\u00e9rias ben\u00e9ficas.\",\"breadcrumb\":{\"@id\":\"https:\/\/pintocoelhoclinic.com\/disbiose-intestinal\/#breadcrumb\"},\"inLanguage\":\"en-GB\",\"potentialAction\":[{\"@type\":\"ReadAction\",\"target\":[\"https:\/\/pintocoelhoclinic.com\/disbiose-intestinal\/\"]}]},{\"@type\":\"ImageObject\",\"inLanguage\":\"en-GB\",\"@id\":\"https:\/\/pintocoelhoclinic.com\/disbiose-intestinal\/#primaryimage\",\"url\":\"https:\/\/pintocoelhoclinic.com\/wp-content\/uploads\/2024\/10\/S\u00a2-simbolo-png-1.png\",\"contentUrl\":\"https:\/\/pintocoelhoclinic.com\/wp-content\/uploads\/2024\/10\/S\u00a2-simbolo-png-1.png\",\"width\":4112,\"height\":4360},{\"@type\":\"BreadcrumbList\",\"@id\":\"https:\/\/pintocoelhoclinic.com\/disbiose-intestinal\/#breadcrumb\",\"itemListElement\":[{\"@type\":\"ListItem\",\"position\":1,\"name\":\"In\u00edcio\",\"item\":\"https:\/\/pintocoelhoclinic.com\/\"},{\"@type\":\"ListItem\",\"position\":2,\"name\":\"Disbiose Intestinal\"}]},{\"@type\":\"WebSite\",\"@id\":\"https:\/\/pintocoelhoclinic.com\/#website\",\"url\":\"https:\/\/pintocoelhoclinic.com\/\",\"name\":\"PINTO COELHO CLINIC - LIVE LONGER\",\"description\":\"\",\"publisher\":{\"@id\":\"https:\/\/pintocoelhoclinic.com\/#organization\"},\"potentialAction\":[{\"@type\":\"SearchAction\",\"target\":{\"@type\":\"EntryPoint\",\"urlTemplate\":\"https:\/\/pintocoelhoclinic.com\/?s={search_term_string}\"},\"query-input\":\"required name=search_term_string\"}],\"inLanguage\":\"en-GB\"},{\"@type\":\"Organization\",\"@id\":\"https:\/\/pintocoelhoclinic.com\/#organization\",\"name\":\"PINTO COELHO CLINIC - LIVE LONGER\",\"url\":\"https:\/\/pintocoelhoclinic.com\/\",\"logo\":{\"@type\":\"ImageObject\",\"inLanguage\":\"en-GB\",\"@id\":\"https:\/\/pintocoelhoclinic.com\/#\/schema\/logo\/image\/\",\"url\":\"https:\/\/pintocoelhoclinic.com\/wp-content\/uploads\/2024\/10\/S\u00a2-simbolo-png-1.png\",\"contentUrl\":\"https:\/\/pintocoelhoclinic.com\/wp-content\/uploads\/2024\/10\/S\u00a2-simbolo-png-1.png\",\"width\":4112,\"height\":4360,\"caption\":\"PINTO COELHO CLINIC - LIVE LONGER\"},\"image\":{\"@id\":\"https:\/\/pintocoelhoclinic.com\/#\/schema\/logo\/image\/\"}}]}<\/script>\n<!-- \/ Yoast SEO plugin. -->","yoast_head_json":{"title":"Disbiose Intestinal | PINTO COELHO CLINIC\u00ae \u2013 LIVE LONGER","description":"A disbiose intestinal ocorre quando h\u00e1 um desequil\u00edbrio na microbiota intestinal, resultando na prolifera\u00e7\u00e3o de microrganismos prejudiciais em detrimento das bact\u00e9rias ben\u00e9ficas.","robots":{"index":"index","follow":"follow","max-snippet":"max-snippet:-1","max-image-preview":"max-image-preview:large","max-video-preview":"max-video-preview:-1"},"canonical":"https:\/\/pintocoelhoclinic.com\/en\/disbiose-intestinal\/","og_locale":"en_GB","og_type":"article","og_title":"Disbiose Intestinal | PINTO COELHO CLINIC\u00ae \u2013 LIVE LONGER","og_description":"A disbiose intestinal ocorre quando h\u00e1 um desequil\u00edbrio na microbiota intestinal, resultando na prolifera\u00e7\u00e3o de microrganismos prejudiciais em detrimento das bact\u00e9rias ben\u00e9ficas.","og_url":"https:\/\/pintocoelhoclinic.com\/en\/disbiose-intestinal\/","og_site_name":"PINTO COELHO CLINIC\u00ae \u2013 LIVE LONGER","article_modified_time":"2024-11-20T16:47:28+00:00","og_image":[{"width":4112,"height":4360,"url":"https:\/\/pintocoelhoclinic.com\/wp-content\/uploads\/2024\/10\/S\u00a2-simbolo-png-1.png","type":"image\/png"}],"twitter_card":"summary_large_image","twitter_misc":{"Estimated reading time":"2 minutes"},"schema":{"@context":"https:\/\/schema.org","@graph":[{"@type":"WebPage","@id":"https:\/\/pintocoelhoclinic.com\/disbiose-intestinal\/","url":"https:\/\/pintocoelhoclinic.com\/disbiose-intestinal\/","name":"Disbiose Intestinal | PINTO COELHO CLINIC\u00ae \u2013 LIVE LONGER","isPartOf":{"@id":"https:\/\/pintocoelhoclinic.com\/#website"},"primaryImageOfPage":{"@id":"https:\/\/pintocoelhoclinic.com\/disbiose-intestinal\/#primaryimage"},"image":{"@id":"https:\/\/pintocoelhoclinic.com\/disbiose-intestinal\/#primaryimage"},"thumbnailUrl":"https:\/\/pintocoelhoclinic.com\/wp-content\/uploads\/2024\/10\/S\u00a2-simbolo-png-1.png","datePublished":"2024-10-17T10:46:22+00:00","dateModified":"2024-11-20T16:47:28+00:00","description":"A disbiose intestinal ocorre quando h\u00e1 um desequil\u00edbrio na microbiota intestinal, resultando na prolifera\u00e7\u00e3o de microrganismos prejudiciais em detrimento das bact\u00e9rias ben\u00e9ficas.","breadcrumb":{"@id":"https:\/\/pintocoelhoclinic.com\/disbiose-intestinal\/#breadcrumb"},"inLanguage":"en-GB","potentialAction":[{"@type":"ReadAction","target":["https:\/\/pintocoelhoclinic.com\/disbiose-intestinal\/"]}]},{"@type":"ImageObject","inLanguage":"en-GB","@id":"https:\/\/pintocoelhoclinic.com\/disbiose-intestinal\/#primaryimage","url":"https:\/\/pintocoelhoclinic.com\/wp-content\/uploads\/2024\/10\/S\u00a2-simbolo-png-1.png","contentUrl":"https:\/\/pintocoelhoclinic.com\/wp-content\/uploads\/2024\/10\/S\u00a2-simbolo-png-1.png","width":4112,"height":4360},{"@type":"BreadcrumbList","@id":"https:\/\/pintocoelhoclinic.com\/disbiose-intestinal\/#breadcrumb","itemListElement":[{"@type":"ListItem","position":1,"name":"In\u00edcio","item":"https:\/\/pintocoelhoclinic.com\/"},{"@type":"ListItem","position":2,"name":"Disbiose Intestinal"}]},{"@type":"WebSite","@id":"https:\/\/pintocoelhoclinic.com\/#website","url":"https:\/\/pintocoelhoclinic.com\/","name":"PINTO COELHO CLINIC - LIVE LONGER","description":"","publisher":{"@id":"https:\/\/pintocoelhoclinic.com\/#organization"},"potentialAction":[{"@type":"SearchAction","target":{"@type":"EntryPoint","urlTemplate":"https:\/\/pintocoelhoclinic.com\/?s={search_term_string}"},"query-input":"required name=search_term_string"}],"inLanguage":"en-GB"},{"@type":"Organization","@id":"https:\/\/pintocoelhoclinic.com\/#organization","name":"PINTO COELHO CLINIC - LIVE LONGER","url":"https:\/\/pintocoelhoclinic.com\/","logo":{"@type":"ImageObject","inLanguage":"en-GB","@id":"https:\/\/pintocoelhoclinic.com\/#\/schema\/logo\/image\/","url":"https:\/\/pintocoelhoclinic.com\/wp-content\/uploads\/2024\/10\/S\u00a2-simbolo-png-1.png","contentUrl":"https:\/\/pintocoelhoclinic.com\/wp-content\/uploads\/2024\/10\/S\u00a2-simbolo-png-1.png","width":4112,"height":4360,"caption":"PINTO COELHO CLINIC - LIVE LONGER"},"image":{"@id":"https:\/\/pintocoelhoclinic.com\/#\/schema\/logo\/image\/"}}]}},"_links":{"self":[{"href":"https:\/\/pintocoelhoclinic.com\/en\/wp-json\/wp\/v2\/pages\/510","targetHints":{"allow":["GET"]}}],"collection":[{"href":"https:\/\/pintocoelhoclinic.com\/en\/wp-json\/wp\/v2\/pages"}],"about":[{"href":"https:\/\/pintocoelhoclinic.com\/en\/wp-json\/wp\/v2\/types\/page"}],"author":[{"embeddable":true,"href":"https:\/\/pintocoelhoclinic.com\/en\/wp-json\/wp\/v2\/users\/1"}],"replies":[{"embeddable":true,"href":"https:\/\/pintocoelhoclinic.com\/en\/wp-json\/wp\/v2\/comments?post=510"}],"version-history":[{"count":0,"href":"https:\/\/pintocoelhoclinic.com\/en\/wp-json\/wp\/v2\/pages\/510\/revisions"}],"wp:featuredmedia":[{"embeddable":true,"href":"https:\/\/pintocoelhoclinic.com\/en\/wp-json\/wp\/v2\/media\/1395"}],"wp:attachment":[{"href":"https:\/\/pintocoelhoclinic.com\/en\/wp-json\/wp\/v2\/media?parent=510"}],"curies":[{"name":"wp","href":"https:\/\/api.w.org\/{rel}","templated":true}]}}