{"id":499,"date":"2024-10-17T10:25:37","date_gmt":"2024-10-17T10:25:37","guid":{"rendered":"https:\/\/pintocoelhoclinic.com\/?page_id=499"},"modified":"2024-11-20T16:29:27","modified_gmt":"2024-11-20T16:29:27","slug":"cirurgia-vascular","status":"publish","type":"page","link":"https:\/\/pintocoelhoclinic.com\/en\/cirurgia-vascular\/","title":{"rendered":"Vascular Surgery"},"content":{"rendered":"<div data-elementor-type=\"wp-page\" data-elementor-id=\"499\" class=\"elementor elementor-499\" data-elementor-settings=\"{&quot;ha_cmc_init_switcher&quot;:&quot;no&quot;}\" data-elementor-post-type=\"page\">\n\t\t\t\t<div class=\"elementor-element elementor-element-af024b1 e-con-full e-flex wpr-particle-no wpr-jarallax-no wpr-parallax-no wpr-sticky-section-no e-con e-parent\" data-id=\"af024b1\" data-element_type=\"container\" data-settings=\"{&quot;background_background&quot;:&quot;video&quot;,&quot;background_video_link&quot;:&quot;https:\\\/\\\/pintocoelhoclinic.com\\\/wp-content\\\/uploads\\\/2024\\\/11\\\/copy_0DD2D650-D4AA-428E-B45B-50CF157C39A8.mov&quot;,&quot;background_play_on_mobile&quot;:&quot;yes&quot;,&quot;_ha_eqh_enable&quot;:false}\">\n\t\t<div class=\"elementor-background-video-container\" aria-hidden=\"true\">\n\t\t\t\t\t\t\t<video class=\"elementor-background-video-hosted\" autoplay muted playsinline loop><\/video>\n\t\t\t\t\t<\/div>\t\t<div class=\"elementor-element elementor-element-745f070 animated-slow elementor-invisible elementor-widget elementor-widget-heading\" data-id=\"745f070\" data-element_type=\"widget\" data-settings=\"{&quot;_animation&quot;:&quot;fadeIn&quot;}\" data-widget_type=\"heading.default\">\n\t\t\t\t<div class=\"elementor-widget-container\">\n\t\t\t\t\t<h2 class=\"elementor-heading-title elementor-size-default\">Vascular Surgery<\/h2>\t\t\t\t<\/div>\n\t\t\t\t<\/div>\n\t\t\t\t<\/div>\n\t\t<div class=\"elementor-element elementor-element-f6abf96 e-flex e-con-boxed wpr-particle-no wpr-jarallax-no wpr-parallax-no wpr-sticky-section-no e-con e-parent\" data-id=\"f6abf96\" data-element_type=\"container\" data-settings=\"{&quot;_ha_eqh_enable&quot;:false}\">\n\t\t\t\t\t<div class=\"e-con-inner\">\n\t\t<div class=\"elementor-element elementor-element-3473c0b e-con-full e-flex wpr-particle-no wpr-jarallax-no wpr-parallax-no wpr-sticky-section-no e-con e-child\" data-id=\"3473c0b\" data-element_type=\"container\" data-settings=\"{&quot;_ha_eqh_enable&quot;:false}\">\n\t\t\t\t<\/div>\n\t\t<div class=\"elementor-element elementor-element-b9a72fd e-con-full animated-slow e-flex wpr-particle-no wpr-jarallax-no wpr-parallax-no wpr-sticky-section-no elementor-invisible e-con e-child\" data-id=\"b9a72fd\" data-element_type=\"container\" data-settings=\"{&quot;background_background&quot;:&quot;classic&quot;,&quot;animation&quot;:&quot;fadeIn&quot;,&quot;_ha_eqh_enable&quot;:false}\">\n\t\t\t\t<div class=\"elementor-element elementor-element-d8fae8d elementor-widget elementor-widget-text-editor\" data-id=\"d8fae8d\" data-element_type=\"widget\" data-widget_type=\"text-editor.default\">\n\t\t\t\t<div class=\"elementor-widget-container\">\n\t\t\t\t\t\t\t\t\t<p style=\"text-align: justify;\">A <strong>Vascular Surgery<\/strong> is a medical specialty focused on the study, diagnosis, and treatment of diseases affecting the circulatory system, excluding the heart. This specialty addresses pathologies of the arteries, veins, and lymphatics in areas considered \"peripheral\u201d.<\/p><p style=\"text-align: justify;\">Varicose veins are dilated and twisted veins that develop beneath the surface of the skin. Depending on their stage, they can be small, medium, or large in calibre. Varicose veins can present in different forms: reticular veins (commonly known as spider veins), dermal varices, and trunk varices (\"thick\" veins).<\/p><p style=\"text-align: justify;\">Sclerotherapy, commonly referred to as \"vein drying,\" involves injecting a medication directly into the spider veins or varicose veins, providing an effective solution for this aesthetic and health concern.<\/p><p><strong>PINTO COELHO CLINIC<span style=\"font-size: 15px; vertical-align: super;\">\u00ae<\/span> &#8211; <span style=\"font-size: 14px;\">LIVE LONGER<\/span><\/strong>, we complement sclerotherapy with laser treatments, which are highly effective for removing various types of vascular lesions. We treat haemangiomas, vascular malformations such as port-wine stains, telangiectasias, venous lakes, and angiomas using cutting-edge technology.<\/p><p style=\"text-align: justify;\">We are equipped with the most advanced laser machine on the market - Fotona4D\u00ae. The long-pulse ND:YAG lasers we use offer the perfect solution for treating vascular lesions. They penetrate the skin to a depth of 5-6 mm, enabling highly effective and personalized treatments.<\/p><p style=\"text-align: justify;\">Independent studies show that over 75% of patients with deep haemangiomas treated with ND:YAG lasers experience significant regression of the lesions, resulting in visible and satisfying outcomes.<\/p>\t\t\t\t\t\t\t\t<\/div>\n\t\t\t\t<\/div>\n\t\t\t\t<\/div>\n\t\t\t\t\t<\/div>\n\t\t\t\t<\/div>\n\t\t<div class=\"elementor-element elementor-element-1172657 animated-slow e-flex e-con-boxed wpr-particle-no wpr-jarallax-no wpr-parallax-no wpr-sticky-section-no elementor-invisible e-con e-parent\" data-id=\"1172657\" data-element_type=\"container\" data-settings=\"{&quot;animation&quot;:&quot;fadeIn&quot;,&quot;_ha_eqh_enable&quot;:false}\">\n\t\t\t\t\t<div class=\"e-con-inner\">\n\t\t\t\t<div class=\"elementor-element elementor-element-76f692a elementor-widget elementor-widget-video\" data-id=\"76f692a\" data-element_type=\"widget\" data-settings=\"{&quot;video_type&quot;:&quot;hosted&quot;,&quot;start&quot;:2,&quot;controls&quot;:&quot;yes&quot;}\" data-widget_type=\"video.default\">\n\t\t\t\t<div class=\"elementor-widget-container\">\n\t\t\t\t\t\t\t<div class=\"e-hosted-video elementor-wrapper elementor-open-inline\">\n\t\t\t\t\t<video class=\"elementor-video\" src=\"https:\/\/pintocoelhoclinic.com\/wp-content\/uploads\/2024\/10\/CIRURGIA-Vascular-Lesions-Social-Media-1.mp4#t=2\" controls=\"\" preload=\"metadata\" controlslist=\"nodownload\"><\/video>\n\t\t\t\t<\/div>\n\t\t\t\t\t\t<\/div>\n\t\t\t\t<\/div>\n\t\t\t\t\t<\/div>\n\t\t\t\t<\/div>\n\t\t<div class=\"elementor-element elementor-element-003e637 animated-slow e-flex e-con-boxed wpr-particle-no wpr-jarallax-no wpr-parallax-no wpr-sticky-section-no elementor-invisible e-con e-parent\" data-id=\"003e637\" data-element_type=\"container\" data-settings=\"{&quot;animation&quot;:&quot;zoomIn&quot;,&quot;_ha_eqh_enable&quot;:false}\">\n\t\t\t\t\t<div class=\"e-con-inner\">\n\t\t<div class=\"elementor-element elementor-element-acb19e2 e-con-full e-flex wpr-particle-no wpr-jarallax-no wpr-parallax-no wpr-sticky-section-no e-con e-child\" data-id=\"acb19e2\" data-element_type=\"container\" data-settings=\"{&quot;background_background&quot;:&quot;classic&quot;,&quot;_ha_eqh_enable&quot;:false}\">\n\t\t<div class=\"elementor-element elementor-element-f1ecf37 e-con-full e-flex wpr-particle-no wpr-jarallax-no wpr-parallax-no wpr-sticky-section-no e-con e-child\" data-id=\"f1ecf37\" data-element_type=\"container\" data-settings=\"{&quot;_ha_eqh_enable&quot;:false}\">\n\t\t\t\t<div class=\"elementor-element elementor-element-d060796 elementor-widget__width-initial elementor-widget elementor-widget-text-editor\" data-id=\"d060796\" data-element_type=\"widget\" data-widget_type=\"text-editor.default\">\n\t\t\t\t<div class=\"elementor-widget-container\">\n\t\t\t\t\t\t\t\t\tAt <strong>PINTO COELHO CLINIC<span style=\"font-size: 15px; vertical-align: super;\">\u00ae<\/span> &#8211; <span style=\"font-size: 15px;\">LIVE LONGER<\/span><\/strong>, we are ready to care for your vascular health and well-being. Schedule your appointment today and discover how we can help you feel even better!\t\t\t\t\t\t\t\t<\/div>\n\t\t\t\t<\/div>\n\t\t\t\t<\/div>\n\t\t<div class=\"elementor-element elementor-element-a6460b8 e-con-full e-flex wpr-particle-no wpr-jarallax-no wpr-parallax-no wpr-sticky-section-no e-con e-child\" data-id=\"a6460b8\" data-element_type=\"container\" data-settings=\"{&quot;_ha_eqh_enable&quot;:false}\">\n\t\t\t\t<div class=\"elementor-element elementor-element-f0ed580 show-more wpr-button-icon-style-inline wpr-button-icon-position-right elementor-widget elementor-widget-wpr-button\" data-id=\"f0ed580\" data-element_type=\"widget\" id=\"botaopop\" data-widget_type=\"wpr-button.default\">\n\t\t\t\t<div class=\"elementor-widget-container\">\n\t\t\t\t\t\t\n\t\t\t\n\t\t\n\t\t<div class=\"wpr-button-wrap elementor-clearfix\">\n\t\t<a class=\"wpr-button wpr-button-effect wpr-button-bounce-to-right\" data-text=\"\" href=\"#botao\">\n\t\t\t\n\t\t\t<span class=\"wpr-button-content\">\n\t\t\t\t\t\t\t\t\t<span class=\"wpr-button-text\">Agendar <\/span>\n\t\t\t\t\t\t\t\t\n\t\t\t\t\t\t\t\t\t<span class=\"wpr-button-icon\"><svg class=\"e-font-icon-svg e-fas-long-arrow-alt-right\" viewbox=\"0 0 448 512\" xmlns=\"http:\/\/www.w3.org\/2000\/svg\"><path d=\"M313.941 216H12c-6.627 0-12 5.373-12 12v56c0 6.627 5.373 12 12 12h301.941v46.059c0 21.382 25.851 32.09 40.971 16.971l86.059-86.059c9.373-9.373 9.373-24.569 0-33.941l-86.059-86.059c-15.119-15.119-40.971-4.411-40.971 16.971V216z\"><\/path><\/svg><\/span>\n\t\t\t\t\t\t\t<\/span>\n\t\t<\/a>\n\n\t\t\t\t<\/div>\n\t\n\t\n\t\t\t\t\t<\/div>\n\t\t\t\t<\/div>\n\t\t\t\t<\/div>\n\t\t\t\t<\/div>\n\t\t\t\t\t<\/div>\n\t\t\t\t<\/div>\n\t\t\t\t<\/div>","protected":false},"excerpt":{"rendered":"<p>CIRURGIA VASCULAR A Cirurgia Vascular \u00e9 uma especialidade m\u00e9dica dedicada ao estudo, diagn\u00f3stico e tratamento das doen\u00e7as do sistema circulat\u00f3rio, excluindo o cora\u00e7\u00e3o. Esta especialidade abrange as patologias das art\u00e9rias, veias e linf\u00e1ticos em \u00e1reas consideradas \u201cperif\u00e9ricas\u201d. As varizes s\u00e3o veias dilatadas e tortuosas que se desenvolvem sob a superf\u00edcie da pele. Dependendo da fase em que se encontram, podem ser de pequeno, m\u00e9dio ou grande calibre. As varizes podem manifestar-se sob diferentes formas: varizes reticulares (comumente conhecidas como derrames), varizes d\u00e9rmicas e varizes tronculares (\u201cgrossas\u201d). A escleroterapia, vulgarmente conhecida como \u201csecagem\u201d, consiste na inje\u00e7\u00e3o de um medicamento diretamente nos derrames ou varizes, proporcionando uma solu\u00e7\u00e3o eficaz para este desconforto est\u00e9tico e de sa\u00fade. PINTO COELHO CLINIC\u00ae &#8211; LIVE LONGER, complementamos a escleroterapia com tratamentos a laser, que s\u00e3o altamente eficazes para a remo\u00e7\u00e3o de diversos tipos de les\u00f5es vasculares. Tratamos hemangiomas, malforma\u00e7\u00f5es vasculares como manchas vinho do Porto, telangiectasias, lagos venosos e angiomas com tecnologia de ponta. Estamos equipados com a mais moderna m\u00e1quina a laser do mercado &#8211; Fotona4D\u00ae. Os lasers ND:YAG de pulso longo que utilizamos oferecem a solu\u00e7\u00e3o perfeita para o tratamento de les\u00f5es vasculares. Eles penetram a uma profundidade de 5-6 mm na pele, permitindo tratamentos altamente eficazes e personalizados. Estudos independentes demonstram que mais de 75% dos pacientes com hemangiomas profundos tratados com lasers ND:YAG apresentam uma regress\u00e3o consider\u00e1vel das les\u00f5es, culminando em resultados vis\u00edveis e satisfat\u00f3rios. https:\/\/pintocoelhoclinic.com\/wp-content\/uploads\/2024\/10\/CIRURGIA-Vascular-Lesions-Social-Media-1.mp4#t=2Na PINTO COELHO CLINIC\u00ae &#8211; LIVE LONGER, estamos preparados para cuidar da sua sa\u00fade e bem-estar vascular. Agende j\u00e1 a sua consulta e descubra como podemos ajud\u00e1-lo a sentir-se ainda melhor! Agendar<\/p>","protected":false},"author":1,"featured_media":1395,"parent":0,"menu_order":0,"comment_status":"closed","ping_status":"closed","template":"elementor_canvas","meta":{"_joinchat":[],"footnotes":""},"class_list":["post-499","page","type-page","status-publish","has-post-thumbnail","hentry"],"yoast_head":"<!-- This site is optimized with the Yoast SEO plugin v23.1 - https:\/\/yoast.com\/wordpress\/plugins\/seo\/ -->\n<title>Cirurgia Vascular | PINTO COELHO CLINIC\u00ae \u2013 LIVE LONGER<\/title>\n<meta name=\"description\" content=\"A Cirurgia Vascular \u00e9 uma especialidade m\u00e9dica dedicada ao estudo, diagn\u00f3stico e tratamento das doen\u00e7as do sistema circulat\u00f3rio, excluindo o cora\u00e7\u00e3o\" \/>\n<meta name=\"robots\" content=\"index, follow, max-snippet:-1, max-image-preview:large, max-video-preview:-1\" \/>\n<link rel=\"canonical\" href=\"https:\/\/pintocoelhoclinic.com\/en\/cirurgia-vascular\/\" \/>\n<meta property=\"og:locale\" content=\"en_GB\" \/>\n<meta property=\"og:type\" content=\"article\" \/>\n<meta property=\"og:title\" content=\"Cirurgia Vascular | PINTO COELHO CLINIC\u00ae \u2013 LIVE LONGER\" \/>\n<meta property=\"og:description\" content=\"A Cirurgia Vascular \u00e9 uma especialidade m\u00e9dica dedicada ao estudo, diagn\u00f3stico e tratamento das doen\u00e7as do sistema circulat\u00f3rio, excluindo o cora\u00e7\u00e3o\" \/>\n<meta property=\"og:url\" content=\"https:\/\/pintocoelhoclinic.com\/en\/cirurgia-vascular\/\" \/>\n<meta property=\"og:site_name\" content=\"PINTO COELHO CLINIC\u00ae \u2013 LIVE LONGER\" \/>\n<meta property=\"article:modified_time\" content=\"2024-11-20T16:29:27+00:00\" \/>\n<meta property=\"og:image\" content=\"https:\/\/pintocoelhoclinic.com\/wp-content\/uploads\/2024\/10\/S\u00a2-simbolo-png-1.png\" \/>\n\t<meta property=\"og:image:width\" content=\"4112\" \/>\n\t<meta property=\"og:image:height\" content=\"4360\" \/>\n\t<meta property=\"og:image:type\" content=\"image\/png\" \/>\n<meta name=\"twitter:card\" content=\"summary_large_image\" \/>\n<meta name=\"twitter:label1\" content=\"Estimated reading time\" \/>\n\t<meta name=\"twitter:data1\" content=\"2 minutes\" \/>\n<script type=\"application\/ld+json\" class=\"yoast-schema-graph\">{\"@context\":\"https:\/\/schema.org\",\"@graph\":[{\"@type\":\"WebPage\",\"@id\":\"https:\/\/pintocoelhoclinic.com\/cirurgia-vascular\/\",\"url\":\"https:\/\/pintocoelhoclinic.com\/cirurgia-vascular\/\",\"name\":\"Cirurgia Vascular | PINTO COELHO CLINIC\u00ae \u2013 LIVE LONGER\",\"isPartOf\":{\"@id\":\"https:\/\/pintocoelhoclinic.com\/#website\"},\"primaryImageOfPage\":{\"@id\":\"https:\/\/pintocoelhoclinic.com\/cirurgia-vascular\/#primaryimage\"},\"image\":{\"@id\":\"https:\/\/pintocoelhoclinic.com\/cirurgia-vascular\/#primaryimage\"},\"thumbnailUrl\":\"https:\/\/pintocoelhoclinic.com\/wp-content\/uploads\/2024\/10\/S\u00a2-simbolo-png-1.png\",\"datePublished\":\"2024-10-17T10:25:37+00:00\",\"dateModified\":\"2024-11-20T16:29:27+00:00\",\"description\":\"A Cirurgia Vascular \u00e9 uma especialidade m\u00e9dica dedicada ao estudo, diagn\u00f3stico e tratamento das doen\u00e7as do sistema circulat\u00f3rio, excluindo o cora\u00e7\u00e3o\",\"breadcrumb\":{\"@id\":\"https:\/\/pintocoelhoclinic.com\/cirurgia-vascular\/#breadcrumb\"},\"inLanguage\":\"en-GB\",\"potentialAction\":[{\"@type\":\"ReadAction\",\"target\":[\"https:\/\/pintocoelhoclinic.com\/cirurgia-vascular\/\"]}]},{\"@type\":\"ImageObject\",\"inLanguage\":\"en-GB\",\"@id\":\"https:\/\/pintocoelhoclinic.com\/cirurgia-vascular\/#primaryimage\",\"url\":\"https:\/\/pintocoelhoclinic.com\/wp-content\/uploads\/2024\/10\/S\u00a2-simbolo-png-1.png\",\"contentUrl\":\"https:\/\/pintocoelhoclinic.com\/wp-content\/uploads\/2024\/10\/S\u00a2-simbolo-png-1.png\",\"width\":4112,\"height\":4360},{\"@type\":\"BreadcrumbList\",\"@id\":\"https:\/\/pintocoelhoclinic.com\/cirurgia-vascular\/#breadcrumb\",\"itemListElement\":[{\"@type\":\"ListItem\",\"position\":1,\"name\":\"In\u00edcio\",\"item\":\"https:\/\/pintocoelhoclinic.com\/\"},{\"@type\":\"ListItem\",\"position\":2,\"name\":\"Cirurgia Vascular\"}]},{\"@type\":\"WebSite\",\"@id\":\"https:\/\/pintocoelhoclinic.com\/#website\",\"url\":\"https:\/\/pintocoelhoclinic.com\/\",\"name\":\"PINTO COELHO CLINIC - LIVE LONGER\",\"description\":\"\",\"publisher\":{\"@id\":\"https:\/\/pintocoelhoclinic.com\/#organization\"},\"potentialAction\":[{\"@type\":\"SearchAction\",\"target\":{\"@type\":\"EntryPoint\",\"urlTemplate\":\"https:\/\/pintocoelhoclinic.com\/?s={search_term_string}\"},\"query-input\":\"required name=search_term_string\"}],\"inLanguage\":\"en-GB\"},{\"@type\":\"Organization\",\"@id\":\"https:\/\/pintocoelhoclinic.com\/#organization\",\"name\":\"PINTO COELHO CLINIC - LIVE LONGER\",\"url\":\"https:\/\/pintocoelhoclinic.com\/\",\"logo\":{\"@type\":\"ImageObject\",\"inLanguage\":\"en-GB\",\"@id\":\"https:\/\/pintocoelhoclinic.com\/#\/schema\/logo\/image\/\",\"url\":\"https:\/\/pintocoelhoclinic.com\/wp-content\/uploads\/2024\/10\/S\u00a2-simbolo-png-1.png\",\"contentUrl\":\"https:\/\/pintocoelhoclinic.com\/wp-content\/uploads\/2024\/10\/S\u00a2-simbolo-png-1.png\",\"width\":4112,\"height\":4360,\"caption\":\"PINTO COELHO CLINIC - LIVE LONGER\"},\"image\":{\"@id\":\"https:\/\/pintocoelhoclinic.com\/#\/schema\/logo\/image\/\"}}]}<\/script>\n<!-- \/ Yoast SEO plugin. -->","yoast_head_json":{"title":"Cirurgia Vascular | PINTO COELHO CLINIC\u00ae \u2013 LIVE LONGER","description":"A Cirurgia Vascular \u00e9 uma especialidade m\u00e9dica dedicada ao estudo, diagn\u00f3stico e tratamento das doen\u00e7as do sistema circulat\u00f3rio, excluindo o cora\u00e7\u00e3o","robots":{"index":"index","follow":"follow","max-snippet":"max-snippet:-1","max-image-preview":"max-image-preview:large","max-video-preview":"max-video-preview:-1"},"canonical":"https:\/\/pintocoelhoclinic.com\/en\/cirurgia-vascular\/","og_locale":"en_GB","og_type":"article","og_title":"Cirurgia Vascular | PINTO COELHO CLINIC\u00ae \u2013 LIVE LONGER","og_description":"A Cirurgia Vascular \u00e9 uma especialidade m\u00e9dica dedicada ao estudo, diagn\u00f3stico e tratamento das doen\u00e7as do sistema circulat\u00f3rio, excluindo o cora\u00e7\u00e3o","og_url":"https:\/\/pintocoelhoclinic.com\/en\/cirurgia-vascular\/","og_site_name":"PINTO COELHO CLINIC\u00ae \u2013 LIVE LONGER","article_modified_time":"2024-11-20T16:29:27+00:00","og_image":[{"width":4112,"height":4360,"url":"https:\/\/pintocoelhoclinic.com\/wp-content\/uploads\/2024\/10\/S\u00a2-simbolo-png-1.png","type":"image\/png"}],"twitter_card":"summary_large_image","twitter_misc":{"Estimated reading time":"2 minutes"},"schema":{"@context":"https:\/\/schema.org","@graph":[{"@type":"WebPage","@id":"https:\/\/pintocoelhoclinic.com\/cirurgia-vascular\/","url":"https:\/\/pintocoelhoclinic.com\/cirurgia-vascular\/","name":"Cirurgia Vascular | PINTO COELHO CLINIC\u00ae \u2013 LIVE LONGER","isPartOf":{"@id":"https:\/\/pintocoelhoclinic.com\/#website"},"primaryImageOfPage":{"@id":"https:\/\/pintocoelhoclinic.com\/cirurgia-vascular\/#primaryimage"},"image":{"@id":"https:\/\/pintocoelhoclinic.com\/cirurgia-vascular\/#primaryimage"},"thumbnailUrl":"https:\/\/pintocoelhoclinic.com\/wp-content\/uploads\/2024\/10\/S\u00a2-simbolo-png-1.png","datePublished":"2024-10-17T10:25:37+00:00","dateModified":"2024-11-20T16:29:27+00:00","description":"A Cirurgia Vascular \u00e9 uma especialidade m\u00e9dica dedicada ao estudo, diagn\u00f3stico e tratamento das doen\u00e7as do sistema circulat\u00f3rio, excluindo o cora\u00e7\u00e3o","breadcrumb":{"@id":"https:\/\/pintocoelhoclinic.com\/cirurgia-vascular\/#breadcrumb"},"inLanguage":"en-GB","potentialAction":[{"@type":"ReadAction","target":["https:\/\/pintocoelhoclinic.com\/cirurgia-vascular\/"]}]},{"@type":"ImageObject","inLanguage":"en-GB","@id":"https:\/\/pintocoelhoclinic.com\/cirurgia-vascular\/#primaryimage","url":"https:\/\/pintocoelhoclinic.com\/wp-content\/uploads\/2024\/10\/S\u00a2-simbolo-png-1.png","contentUrl":"https:\/\/pintocoelhoclinic.com\/wp-content\/uploads\/2024\/10\/S\u00a2-simbolo-png-1.png","width":4112,"height":4360},{"@type":"BreadcrumbList","@id":"https:\/\/pintocoelhoclinic.com\/cirurgia-vascular\/#breadcrumb","itemListElement":[{"@type":"ListItem","position":1,"name":"In\u00edcio","item":"https:\/\/pintocoelhoclinic.com\/"},{"@type":"ListItem","position":2,"name":"Cirurgia Vascular"}]},{"@type":"WebSite","@id":"https:\/\/pintocoelhoclinic.com\/#website","url":"https:\/\/pintocoelhoclinic.com\/","name":"PINTO COELHO CLINIC - LIVE LONGER","description":"","publisher":{"@id":"https:\/\/pintocoelhoclinic.com\/#organization"},"potentialAction":[{"@type":"SearchAction","target":{"@type":"EntryPoint","urlTemplate":"https:\/\/pintocoelhoclinic.com\/?s={search_term_string}"},"query-input":"required name=search_term_string"}],"inLanguage":"en-GB"},{"@type":"Organization","@id":"https:\/\/pintocoelhoclinic.com\/#organization","name":"PINTO COELHO CLINIC - LIVE LONGER","url":"https:\/\/pintocoelhoclinic.com\/","logo":{"@type":"ImageObject","inLanguage":"en-GB","@id":"https:\/\/pintocoelhoclinic.com\/#\/schema\/logo\/image\/","url":"https:\/\/pintocoelhoclinic.com\/wp-content\/uploads\/2024\/10\/S\u00a2-simbolo-png-1.png","contentUrl":"https:\/\/pintocoelhoclinic.com\/wp-content\/uploads\/2024\/10\/S\u00a2-simbolo-png-1.png","width":4112,"height":4360,"caption":"PINTO COELHO CLINIC - LIVE LONGER"},"image":{"@id":"https:\/\/pintocoelhoclinic.com\/#\/schema\/logo\/image\/"}}]}},"_links":{"self":[{"href":"https:\/\/pintocoelhoclinic.com\/en\/wp-json\/wp\/v2\/pages\/499","targetHints":{"allow":["GET"]}}],"collection":[{"href":"https:\/\/pintocoelhoclinic.com\/en\/wp-json\/wp\/v2\/pages"}],"about":[{"href":"https:\/\/pintocoelhoclinic.com\/en\/wp-json\/wp\/v2\/types\/page"}],"author":[{"embeddable":true,"href":"https:\/\/pintocoelhoclinic.com\/en\/wp-json\/wp\/v2\/users\/1"}],"replies":[{"embeddable":true,"href":"https:\/\/pintocoelhoclinic.com\/en\/wp-json\/wp\/v2\/comments?post=499"}],"version-history":[{"count":0,"href":"https:\/\/pintocoelhoclinic.com\/en\/wp-json\/wp\/v2\/pages\/499\/revisions"}],"wp:featuredmedia":[{"embeddable":true,"href":"https:\/\/pintocoelhoclinic.com\/en\/wp-json\/wp\/v2\/media\/1395"}],"wp:attachment":[{"href":"https:\/\/pintocoelhoclinic.com\/en\/wp-json\/wp\/v2\/media?parent=499"}],"curies":[{"name":"wp","href":"https:\/\/api.w.org\/{rel}","templated":true}]}}