{"id":4722,"date":"2025-01-28T10:41:40","date_gmt":"2025-01-28T10:41:40","guid":{"rendered":"https:\/\/pintocoelhoclinic.com\/?page_id=4722"},"modified":"2025-01-28T10:43:32","modified_gmt":"2025-01-28T10:43:32","slug":"teste-genetico","status":"publish","type":"page","link":"https:\/\/pintocoelhoclinic.com\/en\/teste-genetico\/","title":{"rendered":"Genetic Testing"},"content":{"rendered":"<div data-elementor-type=\"wp-page\" data-elementor-id=\"4722\" class=\"elementor elementor-4722\" data-elementor-settings=\"{&quot;ha_cmc_init_switcher&quot;:&quot;no&quot;}\" data-elementor-post-type=\"page\">\n\t\t\t\t<div class=\"elementor-element elementor-element-af024b1 e-con-full e-flex wpr-particle-no wpr-jarallax-no wpr-parallax-no wpr-sticky-section-no e-con e-parent\" data-id=\"af024b1\" data-element_type=\"container\" data-settings=\"{&quot;background_background&quot;:&quot;classic&quot;,&quot;_ha_eqh_enable&quot;:false}\">\n\t\t\t\t<div class=\"elementor-element elementor-element-745f070 animated-slow elementor-invisible elementor-widget elementor-widget-heading\" data-id=\"745f070\" data-element_type=\"widget\" data-settings=\"{&quot;_animation&quot;:&quot;fadeIn&quot;}\" data-widget_type=\"heading.default\">\n\t\t\t\t<div class=\"elementor-widget-container\">\n\t\t\t\t\t<h2 class=\"elementor-heading-title elementor-size-default\">Advanced Genetic Testing<\/h2>\t\t\t\t<\/div>\n\t\t\t\t<\/div>\n\t\t\t\t<\/div>\n\t\t<div class=\"elementor-element elementor-element-f6abf96 e-flex e-con-boxed wpr-particle-no wpr-jarallax-no wpr-parallax-no wpr-sticky-section-no e-con e-parent\" data-id=\"f6abf96\" data-element_type=\"container\" data-settings=\"{&quot;_ha_eqh_enable&quot;:false}\">\n\t\t\t\t\t<div class=\"e-con-inner\">\n\t\t<div class=\"elementor-element elementor-element-1dc9b2a e-con-full e-flex wpr-particle-no wpr-jarallax-no wpr-parallax-no wpr-sticky-section-no e-con e-child\" data-id=\"1dc9b2a\" data-element_type=\"container\" data-settings=\"{&quot;_ha_eqh_enable&quot;:false}\">\n\t\t\t\t<div class=\"elementor-element elementor-element-a998e65 elementor-widget-tablet__width-initial elementor-absolute elementor-widget elementor-widget-image\" data-id=\"a998e65\" data-element_type=\"widget\" data-settings=\"{&quot;_position&quot;:&quot;absolute&quot;}\" data-widget_type=\"image.default\">\n\t\t\t\t<div class=\"elementor-widget-container\">\n\t\t\t\t\t\t\t\t\t\t\t\t\t\t\t<img fetchpriority=\"high\" decoding=\"async\" width=\"601\" height=\"569\" src=\"https:\/\/pintocoelhoclinic.com\/wp-content\/uploads\/2024\/08\/svgviewer-output-24.svg\" class=\"attachment-full size-full wp-image-189\" alt=\"\" \/>\t\t\t\t\t\t\t\t\t\t\t\t\t\t\t<\/div>\n\t\t\t\t<\/div>\n\t\t\t\t<\/div>\n\t\t<div class=\"elementor-element elementor-element-b9a72fd e-con-full e-flex wpr-particle-no wpr-jarallax-no wpr-parallax-no wpr-sticky-section-no e-con e-child\" data-id=\"b9a72fd\" data-element_type=\"container\" data-settings=\"{&quot;background_background&quot;:&quot;classic&quot;,&quot;_ha_eqh_enable&quot;:false}\">\n\t\t\t\t<div class=\"elementor-element elementor-element-d8fae8d animated-slow elementor-invisible elementor-widget elementor-widget-text-editor\" data-id=\"d8fae8d\" data-element_type=\"widget\" data-settings=\"{&quot;_animation&quot;:&quot;fadeIn&quot;}\" data-widget_type=\"text-editor.default\">\n\t\t\t\t<div class=\"elementor-widget-container\">\n\t\t\t\t\t\t\t\t\t<p>At <strong>PINTO COELHO CLINIC<span style=\"font-size: 15px; vertical-align: super;\">\u00ae<\/span> &#8211; <span style=\"font-size: 15px;\">LIVE LONGER<\/span><\/strong>we offer Advanced Genetic Testing as part of our commitment to providing precise and personalized diagnostics for our patients.<\/p><div class=\"page\" title=\"Page 2\"><div class=\"layoutArea\"><div class=\"column\"><p>This exclusive examination includes an Advanced Genetic Test that analyzes over 100 genetic variants, providing detailed insights into essential biological processes such as methylation, detoxification, and lipid metabolism. It also offers valuable data on weight management, nutritional needs, exercise response, and more. After the test, you will receive a personalized consultation with practical recommendations to optimize your health.<\/p><\/div><\/div><\/div>\t\t\t\t\t\t\t\t<\/div>\n\t\t\t\t<\/div>\n\t\t\t\t<\/div>\n\t\t\t\t\t<\/div>\n\t\t\t\t<\/div>\n\t\t<div class=\"elementor-element elementor-element-6123942 e-flex e-con-boxed wpr-particle-no wpr-jarallax-no wpr-parallax-no wpr-sticky-section-no e-con e-parent\" data-id=\"6123942\" data-element_type=\"container\" data-settings=\"{&quot;_ha_eqh_enable&quot;:false}\">\n\t\t\t\t\t<div class=\"e-con-inner\">\n\t\t<div class=\"elementor-element elementor-element-8317c22 e-con-full e-flex wpr-particle-no wpr-jarallax-no wpr-parallax-no wpr-sticky-section-no e-con e-child\" data-id=\"8317c22\" data-element_type=\"container\" data-settings=\"{&quot;_ha_eqh_enable&quot;:false}\">\n\t\t\t\t<div class=\"elementor-element elementor-element-2555845 elementor-widget elementor-widget-toggle\" data-id=\"2555845\" data-element_type=\"widget\" data-widget_type=\"toggle.default\">\n\t\t\t\t<div class=\"elementor-widget-container\">\n\t\t\t\t\t\t\t<div class=\"elementor-toggle\">\n\t\t\t\t\t\t\t<div class=\"elementor-toggle-item\">\n\t\t\t\t\t<div id=\"elementor-tab-title-3911\" class=\"elementor-tab-title\" data-tab=\"1\" role=\"button\" aria-controls=\"elementor-tab-content-3911\" aria-expanded=\"false\">\n\t\t\t\t\t\t\t\t\t\t\t\t<span class=\"elementor-toggle-icon elementor-toggle-icon-right\" aria-hidden=\"true\">\n\t\t\t\t\t\t\t\t\t\t\t\t\t\t\t<span class=\"elementor-toggle-icon-closed\"><svg class=\"e-font-icon-svg e-fas-angle-down\" viewbox=\"0 0 320 512\" xmlns=\"http:\/\/www.w3.org\/2000\/svg\"><path d=\"M143 352.3L7 216.3c-9.4-9.4-9.4-24.6 0-33.9l22.6-22.6c9.4-9.4 24.6-9.4 33.9 0l96.4 96.4 96.4-96.4c9.4-9.4 24.6-9.4 33.9 0l22.6 22.6c9.4 9.4 9.4 24.6 0 33.9l-136 136c-9.2 9.4-24.4 9.4-33.8 0z\"><\/path><\/svg><\/span>\n\t\t\t\t\t\t\t\t<span class=\"elementor-toggle-icon-opened\"><svg xmlns=\"http:\/\/www.w3.org\/2000\/svg\" width=\"15\" height=\"2\" viewbox=\"0 0 15 2\" fill=\"none\"><path d=\"M1.2832 2C0.99987 2 0.76237 1.90417 0.570703 1.7125C0.379036 1.52083 0.283203 1.28333 0.283203 1C0.283203 0.716667 0.379036 0.479167 0.570703 0.2875C0.76237 0.0958333 0.99987 0 1.2832 0H13.2832C13.5665 0 13.804 0.0958333 13.9957 0.2875C14.1874 0.479167 14.2832 0.716667 14.2832 1C14.2832 1.28333 14.1874 1.52083 13.9957 1.7125C13.804 1.90417 13.5665 2 13.2832 2H1.2832Z\" fill=\"#377E9F\"><\/path><\/svg><\/span>\n\t\t\t\t\t\t\t\t\t\t\t\t\t<\/span>\n\t\t\t\t\t\t\t\t\t\t\t\t<a class=\"elementor-toggle-title\" tabindex=\"0\">What is a DNA Test<\/a>\n\t\t\t\t\t<\/div>\n\n\t\t\t\t\t<div id=\"elementor-tab-content-3911\" class=\"elementor-tab-content elementor-clearfix\" data-tab=\"1\" role=\"region\" aria-labelledby=\"elementor-tab-title-3911\"><p>A DNA test analyzes the genetic information we are born with, inherit, and that influences many of the unique characteristics of our body. This information is present in every cell and determines, for example, how we metabolize nutrients, respond to physical exercise, regulate hormones, and even our predisposition to certain health conditions. By understanding this \u201cgenetic programming,\u201d we can make more informed decisions to optimize health, prevent future problems, and improve well-being with personalized strategies.<\/p><\/div>\n\t\t\t\t<\/div>\n\t\t\t\t\t\t\t\t<\/div>\n\t\t\t\t\t\t<\/div>\n\t\t\t\t<\/div>\n\t\t\t\t<\/div>\n\t\t<div class=\"elementor-element elementor-element-087e968 e-con-full e-flex wpr-particle-no wpr-jarallax-no wpr-parallax-no wpr-sticky-section-no e-con e-child\" data-id=\"087e968\" data-element_type=\"container\" data-settings=\"{&quot;_ha_eqh_enable&quot;:false}\">\n\t\t\t\t<div class=\"elementor-element elementor-element-bba1a00 elementor-widget elementor-widget-toggle\" data-id=\"bba1a00\" data-element_type=\"widget\" data-widget_type=\"toggle.default\">\n\t\t\t\t<div class=\"elementor-widget-container\">\n\t\t\t\t\t\t\t<div class=\"elementor-toggle\">\n\t\t\t\t\t\t\t<div class=\"elementor-toggle-item\">\n\t\t\t\t\t<div id=\"elementor-tab-title-1961\" class=\"elementor-tab-title\" data-tab=\"1\" role=\"button\" aria-controls=\"elementor-tab-content-1961\" aria-expanded=\"false\">\n\t\t\t\t\t\t\t\t\t\t\t\t<span class=\"elementor-toggle-icon elementor-toggle-icon-right\" aria-hidden=\"true\">\n\t\t\t\t\t\t\t\t\t\t\t\t\t\t\t<span class=\"elementor-toggle-icon-closed\"><svg class=\"e-font-icon-svg e-fas-angle-down\" viewbox=\"0 0 320 512\" xmlns=\"http:\/\/www.w3.org\/2000\/svg\"><path d=\"M143 352.3L7 216.3c-9.4-9.4-9.4-24.6 0-33.9l22.6-22.6c9.4-9.4 24.6-9.4 33.9 0l96.4 96.4 96.4-96.4c9.4-9.4 24.6-9.4 33.9 0l22.6 22.6c9.4 9.4 9.4 24.6 0 33.9l-136 136c-9.2 9.4-24.4 9.4-33.8 0z\"><\/path><\/svg><\/span>\n\t\t\t\t\t\t\t\t<span class=\"elementor-toggle-icon-opened\"><svg xmlns=\"http:\/\/www.w3.org\/2000\/svg\" width=\"15\" height=\"2\" viewbox=\"0 0 15 2\" fill=\"none\"><path d=\"M1.2832 2C0.99987 2 0.76237 1.90417 0.570703 1.7125C0.379036 1.52083 0.283203 1.28333 0.283203 1C0.283203 0.716667 0.379036 0.479167 0.570703 0.2875C0.76237 0.0958333 0.99987 0 1.2832 0H13.2832C13.5665 0 13.804 0.0958333 13.9957 0.2875C14.1874 0.479167 14.2832 0.716667 14.2832 1C14.2832 1.28333 14.1874 1.52083 13.9957 1.7125C13.804 1.90417 13.5665 2 13.2832 2H1.2832Z\" fill=\"#377E9F\"><\/path><\/svg><\/span>\n\t\t\t\t\t\t\t\t\t\t\t\t\t<\/span>\n\t\t\t\t\t\t\t\t\t\t\t\t<a class=\"elementor-toggle-title\" tabindex=\"0\">Personalized Consultation<\/a>\n\t\t\t\t\t<\/div>\n\n\t\t\t\t\t<div id=\"elementor-tab-content-1961\" class=\"elementor-tab-content elementor-clearfix\" data-tab=\"1\" role=\"region\" aria-labelledby=\"elementor-tab-title-1961\"><p>After the test, you will have a 45-minute personalized consultation with Dr. Thais Moura, a specialist in Functional Medicine with extensive experience in interpreting genetic tests. During the consultation, your results will be clearly explained and transformed into practical, individualized recommendations. This process ensures that the science behind the test is directly applied to your daily life, helping you achieve better health, energy, and well-being.<\/p><\/div>\n\t\t\t\t<\/div>\n\t\t\t\t\t\t\t\t<\/div>\n\t\t\t\t\t\t<\/div>\n\t\t\t\t<\/div>\n\t\t\t\t<\/div>\n\t\t\t\t\t<\/div>\n\t\t\t\t<\/div>\n\t\t<div class=\"elementor-element elementor-element-003e637 e-flex e-con-boxed wpr-particle-no wpr-jarallax-no wpr-parallax-no wpr-sticky-section-no e-con e-parent\" data-id=\"003e637\" data-element_type=\"container\" data-settings=\"{&quot;_ha_eqh_enable&quot;:false}\">\n\t\t\t\t\t<div class=\"e-con-inner\">\n\t\t<div class=\"elementor-element elementor-element-acb19e2 e-con-full animated-slow e-flex wpr-particle-no wpr-jarallax-no wpr-parallax-no wpr-sticky-section-no elementor-invisible e-con e-child\" data-id=\"acb19e2\" data-element_type=\"container\" data-settings=\"{&quot;background_background&quot;:&quot;classic&quot;,&quot;animation&quot;:&quot;fadeInUp&quot;,&quot;_ha_eqh_enable&quot;:false}\">\n\t\t<div class=\"elementor-element elementor-element-f1ecf37 e-con-full e-flex wpr-particle-no wpr-jarallax-no wpr-parallax-no wpr-sticky-section-no e-con e-child\" data-id=\"f1ecf37\" data-element_type=\"container\" data-settings=\"{&quot;_ha_eqh_enable&quot;:false}\">\n\t\t\t\t<div class=\"elementor-element elementor-element-f6fd60c elementor-widget elementor-widget-text-editor\" data-id=\"f6fd60c\" data-element_type=\"widget\" data-widget_type=\"text-editor.default\">\n\t\t\t\t<div class=\"elementor-widget-container\">\n\t\t\t\t\t\t\t\t\t<p>Invest in Your Health with <br \/>Advanced Genetic Testing<\/p>\t\t\t\t\t\t\t\t<\/div>\n\t\t\t\t<\/div>\n\t\t\t\t<\/div>\n\t\t<div class=\"elementor-element elementor-element-a6460b8 e-con-full e-flex wpr-particle-no wpr-jarallax-no wpr-parallax-no wpr-sticky-section-no e-con e-child\" data-id=\"a6460b8\" data-element_type=\"container\" data-settings=\"{&quot;_ha_eqh_enable&quot;:false}\">\n\t\t\t\t<div class=\"elementor-element elementor-element-d24a937 elementor-widget elementor-widget-text-editor\" data-id=\"d24a937\" data-element_type=\"widget\" data-widget_type=\"text-editor.default\">\n\t\t\t\t<div class=\"elementor-widget-container\">\n\t\t\t\t\t\t\t\t\t<p><strong>Schedule your exam<\/strong> Schedule your exam today and discover how this innovative test can help monitor and prevent diseases with precision and safety.<\/p>\t\t\t\t\t\t\t\t<\/div>\n\t\t\t\t<\/div>\n\t\t\t\t<div class=\"elementor-element elementor-element-f0ed580 show-more wpr-button-icon-style-inline wpr-button-icon-position-right elementor-widget elementor-widget-wpr-button\" data-id=\"f0ed580\" data-element_type=\"widget\" id=\"botaopop\" data-widget_type=\"wpr-button.default\">\n\t\t\t\t<div class=\"elementor-widget-container\">\n\t\t\t\t\t\t\n\t\t\t\n\t\t\n\t\t<div class=\"wpr-button-wrap elementor-clearfix\">\n\t\t<a class=\"wpr-button wpr-button-effect wpr-button-bounce-to-right\" data-text=\"\" href=\"#botao\">\n\t\t\t\n\t\t\t<span class=\"wpr-button-content\">\n\t\t\t\t\t\t\t\t\t<span class=\"wpr-button-text\">Agendar Exame<\/span>\n\t\t\t\t\t\t\t\t\n\t\t\t\t\t\t\t\t\t<span class=\"wpr-button-icon\"><svg class=\"e-font-icon-svg e-fas-long-arrow-alt-right\" viewbox=\"0 0 448 512\" xmlns=\"http:\/\/www.w3.org\/2000\/svg\"><path d=\"M313.941 216H12c-6.627 0-12 5.373-12 12v56c0 6.627 5.373 12 12 12h301.941v46.059c0 21.382 25.851 32.09 40.971 16.971l86.059-86.059c9.373-9.373 9.373-24.569 0-33.941l-86.059-86.059c-15.119-15.119-40.971-4.411-40.971 16.971V216z\"><\/path><\/svg><\/span>\n\t\t\t\t\t\t\t<\/span>\n\t\t<\/a>\n\n\t\t\t\t<\/div>\n\t\n\t\n\t\t\t\t\t<\/div>\n\t\t\t\t<\/div>\n\t\t\t\t<\/div>\n\t\t\t\t<\/div>\n\t\t\t\t\t<\/div>\n\t\t\t\t<\/div>\n\t\t\t\t<\/div>","protected":false},"excerpt":{"rendered":"<p>Teste Gen\u00e9tico Avan\u00e7ado Na PINTO COELHO CLINIC\u00ae &#8211; LIVE LONGER, oferecemos o teste gen\u00e9tico avan\u00e7ado como parte do nosso compromisso em fornecer diagn\u00f3sticos precisos e personalizados aos nossos pacientes. Este exame exclusivo inclui um teste gen\u00e9tico avan\u00e7ado que analisa mais de 100 variantes gen\u00e9ticas, fornecendo informa\u00e7\u00f5es detalhadas sobre processos biol\u00f3gicos essenciais como metila\u00e7\u00e3o, desintoxica\u00e7\u00e3o e metabolismo lip\u00eddico, al\u00e9m de dados sobre gest\u00e3o de peso, necessidades nutricionais, resposta ao exerc\u00edcio f\u00edsico, entre outros. Ap\u00f3s o teste, ter\u00e1 uma consulta personalizada com recomenda\u00e7\u00f5es pr\u00e1ticas para maximizar a sua sa\u00fade. O que \u00e9 um teste de ADN Um teste de DNA analisa a informa\u00e7\u00e3o gen\u00e9tica com a qual nascemos, herdamos, e que influencia muitas das caracter\u00edsticas \u00fanicas do nosso corpo. Esta informa\u00e7\u00e3o est\u00e1 presente em cada c\u00e9lula e determina, por exemplo, como metabolizamos nutrientes, respondemos ao exerc\u00edcio f\u00edsico, regulamos hormonas e at\u00e9 a nossa predisposi\u00e7\u00e3o para certas condi\u00e7\u00f5es de sa\u00fade. Ao compreender esta \u201cprograma\u00e7\u00e3o gen\u00e9tica\u201d, podemos tomar decis\u00f5es mais informadas para otimizar a sa\u00fade, prevenir problemas futuros e melhorar o bem-estar com estrat\u00e9gias personalizadas. Consulta Personalizada Ap\u00f3s o teste, ter\u00e1 uma consulta personalizada de 45 minutos com a Dra. Thais Moura, especialista em Medicina Funcional com vasta experi\u00eancia na interpreta\u00e7\u00e3o de testes gen\u00e9ticos. Durante a consulta, os seus resultados ser\u00e3o explicados de forma clara e transformados em recomenda\u00e7\u00f5es pr\u00e1ticas e individualizadas. Este processo garante que a ci\u00eancia por tr\u00e1s do teste seja aplicada diretamente ao seu dia a dia, ajudando-o a alcan\u00e7ar mais sa\u00fade, energia e bem-estar. Invista na sua sa\u00fade com o Teste Gen\u00e9tico Avan\u00e7ado. Agende o seu exame hoje e descubra como monitorizar e prevenir doen\u00e7as com precis\u00e3o e seguran\u00e7a Agendar Exame<\/p>","protected":false},"author":2,"featured_media":1395,"parent":0,"menu_order":0,"comment_status":"closed","ping_status":"closed","template":"elementor_canvas","meta":{"_joinchat":[],"footnotes":""},"class_list":["post-4722","page","type-page","status-publish","has-post-thumbnail","hentry"],"yoast_head":"<!-- This site is optimized with the Yoast SEO plugin v23.1 - https:\/\/yoast.com\/wordpress\/plugins\/seo\/ -->\n<title>Teste Gen\u00e9tico | PINTO COELHO CLINIC\u00ae \u2013 LIVE LONGER<\/title>\n<meta name=\"description\" content=\"Na PINTO COELHO CLINIC \u2013 LIVE LONGER, oferecemos a tecnologia avan\u00e7ada de termografia cl\u00ednica como parte do nosso compromisso em fornecer diagn\u00f3sticos precisos e cuidados de sa\u00fade inovadores.\" \/>\n<meta name=\"robots\" content=\"index, follow, max-snippet:-1, max-image-preview:large, max-video-preview:-1\" \/>\n<link rel=\"canonical\" href=\"https:\/\/pintocoelhoclinic.com\/en\/teste-genetico\/\" \/>\n<meta property=\"og:locale\" content=\"en_GB\" \/>\n<meta property=\"og:type\" content=\"article\" \/>\n<meta property=\"og:title\" content=\"Teste Gen\u00e9tico | PINTO COELHO CLINIC\u00ae \u2013 LIVE LONGER\" \/>\n<meta property=\"og:description\" content=\"Na PINTO COELHO CLINIC \u2013 LIVE LONGER, oferecemos a tecnologia avan\u00e7ada de termografia cl\u00ednica como parte do nosso compromisso em fornecer diagn\u00f3sticos precisos e cuidados de sa\u00fade inovadores.\" \/>\n<meta property=\"og:url\" content=\"https:\/\/pintocoelhoclinic.com\/en\/teste-genetico\/\" \/>\n<meta property=\"og:site_name\" content=\"PINTO COELHO CLINIC\u00ae \u2013 LIVE LONGER\" \/>\n<meta property=\"article:modified_time\" content=\"2025-01-28T10:43:32+00:00\" \/>\n<meta property=\"og:image\" content=\"https:\/\/pintocoelhoclinic.com\/wp-content\/uploads\/2024\/10\/S\u00a2-simbolo-png-1.png\" \/>\n\t<meta property=\"og:image:width\" content=\"4112\" \/>\n\t<meta property=\"og:image:height\" content=\"4360\" \/>\n\t<meta property=\"og:image:type\" content=\"image\/png\" \/>\n<meta name=\"twitter:card\" content=\"summary_large_image\" \/>\n<meta name=\"twitter:label1\" content=\"Estimated reading time\" \/>\n\t<meta name=\"twitter:data1\" content=\"2 minutes\" \/>\n<script type=\"application\/ld+json\" class=\"yoast-schema-graph\">{\"@context\":\"https:\/\/schema.org\",\"@graph\":[{\"@type\":\"WebPage\",\"@id\":\"https:\/\/pintocoelhoclinic.com\/teste-genetico\/\",\"url\":\"https:\/\/pintocoelhoclinic.com\/teste-genetico\/\",\"name\":\"Teste Gen\u00e9tico | PINTO COELHO CLINIC\u00ae \u2013 LIVE LONGER\",\"isPartOf\":{\"@id\":\"https:\/\/pintocoelhoclinic.com\/#website\"},\"primaryImageOfPage\":{\"@id\":\"https:\/\/pintocoelhoclinic.com\/teste-genetico\/#primaryimage\"},\"image\":{\"@id\":\"https:\/\/pintocoelhoclinic.com\/teste-genetico\/#primaryimage\"},\"thumbnailUrl\":\"https:\/\/pintocoelhoclinic.com\/wp-content\/uploads\/2024\/10\/S\u00a2-simbolo-png-1.png\",\"datePublished\":\"2025-01-28T10:41:40+00:00\",\"dateModified\":\"2025-01-28T10:43:32+00:00\",\"description\":\"Na PINTO COELHO CLINIC \u2013 LIVE LONGER, oferecemos a tecnologia avan\u00e7ada de termografia cl\u00ednica como parte do nosso compromisso em fornecer diagn\u00f3sticos precisos e cuidados de sa\u00fade inovadores.\",\"breadcrumb\":{\"@id\":\"https:\/\/pintocoelhoclinic.com\/teste-genetico\/#breadcrumb\"},\"inLanguage\":\"en-GB\",\"potentialAction\":[{\"@type\":\"ReadAction\",\"target\":[\"https:\/\/pintocoelhoclinic.com\/teste-genetico\/\"]}]},{\"@type\":\"ImageObject\",\"inLanguage\":\"en-GB\",\"@id\":\"https:\/\/pintocoelhoclinic.com\/teste-genetico\/#primaryimage\",\"url\":\"https:\/\/pintocoelhoclinic.com\/wp-content\/uploads\/2024\/10\/S\u00a2-simbolo-png-1.png\",\"contentUrl\":\"https:\/\/pintocoelhoclinic.com\/wp-content\/uploads\/2024\/10\/S\u00a2-simbolo-png-1.png\",\"width\":4112,\"height\":4360},{\"@type\":\"BreadcrumbList\",\"@id\":\"https:\/\/pintocoelhoclinic.com\/teste-genetico\/#breadcrumb\",\"itemListElement\":[{\"@type\":\"ListItem\",\"position\":1,\"name\":\"In\u00edcio\",\"item\":\"https:\/\/pintocoelhoclinic.com\/\"},{\"@type\":\"ListItem\",\"position\":2,\"name\":\"Teste Gen\u00e9tico\"}]},{\"@type\":\"WebSite\",\"@id\":\"https:\/\/pintocoelhoclinic.com\/#website\",\"url\":\"https:\/\/pintocoelhoclinic.com\/\",\"name\":\"PINTO COELHO CLINIC - LIVE LONGER\",\"description\":\"\",\"publisher\":{\"@id\":\"https:\/\/pintocoelhoclinic.com\/#organization\"},\"potentialAction\":[{\"@type\":\"SearchAction\",\"target\":{\"@type\":\"EntryPoint\",\"urlTemplate\":\"https:\/\/pintocoelhoclinic.com\/?s={search_term_string}\"},\"query-input\":\"required name=search_term_string\"}],\"inLanguage\":\"en-GB\"},{\"@type\":\"Organization\",\"@id\":\"https:\/\/pintocoelhoclinic.com\/#organization\",\"name\":\"PINTO COELHO CLINIC - LIVE LONGER\",\"url\":\"https:\/\/pintocoelhoclinic.com\/\",\"logo\":{\"@type\":\"ImageObject\",\"inLanguage\":\"en-GB\",\"@id\":\"https:\/\/pintocoelhoclinic.com\/#\/schema\/logo\/image\/\",\"url\":\"https:\/\/pintocoelhoclinic.com\/wp-content\/uploads\/2024\/10\/S\u00a2-simbolo-png-1.png\",\"contentUrl\":\"https:\/\/pintocoelhoclinic.com\/wp-content\/uploads\/2024\/10\/S\u00a2-simbolo-png-1.png\",\"width\":4112,\"height\":4360,\"caption\":\"PINTO COELHO CLINIC - LIVE LONGER\"},\"image\":{\"@id\":\"https:\/\/pintocoelhoclinic.com\/#\/schema\/logo\/image\/\"}}]}<\/script>\n<!-- \/ Yoast SEO plugin. -->","yoast_head_json":{"title":"Teste Gen\u00e9tico | PINTO COELHO CLINIC\u00ae \u2013 LIVE LONGER","description":"Na PINTO COELHO CLINIC \u2013 LIVE LONGER, oferecemos a tecnologia avan\u00e7ada de termografia cl\u00ednica como parte do nosso compromisso em fornecer diagn\u00f3sticos precisos e cuidados de sa\u00fade inovadores.","robots":{"index":"index","follow":"follow","max-snippet":"max-snippet:-1","max-image-preview":"max-image-preview:large","max-video-preview":"max-video-preview:-1"},"canonical":"https:\/\/pintocoelhoclinic.com\/en\/teste-genetico\/","og_locale":"en_GB","og_type":"article","og_title":"Teste Gen\u00e9tico | PINTO COELHO CLINIC\u00ae \u2013 LIVE LONGER","og_description":"Na PINTO COELHO CLINIC \u2013 LIVE LONGER, oferecemos a tecnologia avan\u00e7ada de termografia cl\u00ednica como parte do nosso compromisso em fornecer diagn\u00f3sticos precisos e cuidados de sa\u00fade inovadores.","og_url":"https:\/\/pintocoelhoclinic.com\/en\/teste-genetico\/","og_site_name":"PINTO COELHO CLINIC\u00ae \u2013 LIVE LONGER","article_modified_time":"2025-01-28T10:43:32+00:00","og_image":[{"width":4112,"height":4360,"url":"https:\/\/pintocoelhoclinic.com\/wp-content\/uploads\/2024\/10\/S\u00a2-simbolo-png-1.png","type":"image\/png"}],"twitter_card":"summary_large_image","twitter_misc":{"Estimated reading time":"2 minutes"},"schema":{"@context":"https:\/\/schema.org","@graph":[{"@type":"WebPage","@id":"https:\/\/pintocoelhoclinic.com\/teste-genetico\/","url":"https:\/\/pintocoelhoclinic.com\/teste-genetico\/","name":"Teste Gen\u00e9tico | PINTO COELHO CLINIC\u00ae \u2013 LIVE LONGER","isPartOf":{"@id":"https:\/\/pintocoelhoclinic.com\/#website"},"primaryImageOfPage":{"@id":"https:\/\/pintocoelhoclinic.com\/teste-genetico\/#primaryimage"},"image":{"@id":"https:\/\/pintocoelhoclinic.com\/teste-genetico\/#primaryimage"},"thumbnailUrl":"https:\/\/pintocoelhoclinic.com\/wp-content\/uploads\/2024\/10\/S\u00a2-simbolo-png-1.png","datePublished":"2025-01-28T10:41:40+00:00","dateModified":"2025-01-28T10:43:32+00:00","description":"Na PINTO COELHO CLINIC \u2013 LIVE LONGER, oferecemos a tecnologia avan\u00e7ada de termografia cl\u00ednica como parte do nosso compromisso em fornecer diagn\u00f3sticos precisos e cuidados de sa\u00fade inovadores.","breadcrumb":{"@id":"https:\/\/pintocoelhoclinic.com\/teste-genetico\/#breadcrumb"},"inLanguage":"en-GB","potentialAction":[{"@type":"ReadAction","target":["https:\/\/pintocoelhoclinic.com\/teste-genetico\/"]}]},{"@type":"ImageObject","inLanguage":"en-GB","@id":"https:\/\/pintocoelhoclinic.com\/teste-genetico\/#primaryimage","url":"https:\/\/pintocoelhoclinic.com\/wp-content\/uploads\/2024\/10\/S\u00a2-simbolo-png-1.png","contentUrl":"https:\/\/pintocoelhoclinic.com\/wp-content\/uploads\/2024\/10\/S\u00a2-simbolo-png-1.png","width":4112,"height":4360},{"@type":"BreadcrumbList","@id":"https:\/\/pintocoelhoclinic.com\/teste-genetico\/#breadcrumb","itemListElement":[{"@type":"ListItem","position":1,"name":"In\u00edcio","item":"https:\/\/pintocoelhoclinic.com\/"},{"@type":"ListItem","position":2,"name":"Teste Gen\u00e9tico"}]},{"@type":"WebSite","@id":"https:\/\/pintocoelhoclinic.com\/#website","url":"https:\/\/pintocoelhoclinic.com\/","name":"PINTO COELHO CLINIC - LIVE LONGER","description":"","publisher":{"@id":"https:\/\/pintocoelhoclinic.com\/#organization"},"potentialAction":[{"@type":"SearchAction","target":{"@type":"EntryPoint","urlTemplate":"https:\/\/pintocoelhoclinic.com\/?s={search_term_string}"},"query-input":"required name=search_term_string"}],"inLanguage":"en-GB"},{"@type":"Organization","@id":"https:\/\/pintocoelhoclinic.com\/#organization","name":"PINTO COELHO CLINIC - LIVE LONGER","url":"https:\/\/pintocoelhoclinic.com\/","logo":{"@type":"ImageObject","inLanguage":"en-GB","@id":"https:\/\/pintocoelhoclinic.com\/#\/schema\/logo\/image\/","url":"https:\/\/pintocoelhoclinic.com\/wp-content\/uploads\/2024\/10\/S\u00a2-simbolo-png-1.png","contentUrl":"https:\/\/pintocoelhoclinic.com\/wp-content\/uploads\/2024\/10\/S\u00a2-simbolo-png-1.png","width":4112,"height":4360,"caption":"PINTO COELHO CLINIC - LIVE LONGER"},"image":{"@id":"https:\/\/pintocoelhoclinic.com\/#\/schema\/logo\/image\/"}}]}},"_links":{"self":[{"href":"https:\/\/pintocoelhoclinic.com\/en\/wp-json\/wp\/v2\/pages\/4722","targetHints":{"allow":["GET"]}}],"collection":[{"href":"https:\/\/pintocoelhoclinic.com\/en\/wp-json\/wp\/v2\/pages"}],"about":[{"href":"https:\/\/pintocoelhoclinic.com\/en\/wp-json\/wp\/v2\/types\/page"}],"author":[{"embeddable":true,"href":"https:\/\/pintocoelhoclinic.com\/en\/wp-json\/wp\/v2\/users\/2"}],"replies":[{"embeddable":true,"href":"https:\/\/pintocoelhoclinic.com\/en\/wp-json\/wp\/v2\/comments?post=4722"}],"version-history":[{"count":8,"href":"https:\/\/pintocoelhoclinic.com\/en\/wp-json\/wp\/v2\/pages\/4722\/revisions"}],"predecessor-version":[{"id":4731,"href":"https:\/\/pintocoelhoclinic.com\/en\/wp-json\/wp\/v2\/pages\/4722\/revisions\/4731"}],"wp:featuredmedia":[{"embeddable":true,"href":"https:\/\/pintocoelhoclinic.com\/en\/wp-json\/wp\/v2\/media\/1395"}],"wp:attachment":[{"href":"https:\/\/pintocoelhoclinic.com\/en\/wp-json\/wp\/v2\/media?parent=4722"}],"curies":[{"name":"wp","href":"https:\/\/api.w.org\/{rel}","templated":true}]}}